{"id":15,"date":"2021-11-18T15:49:19","date_gmt":"2021-11-18T15:49:19","guid":{"rendered":"https:\/\/fsd.gmbh\/?page_id=15"},"modified":"2025-07-02T00:43:42","modified_gmt":"2025-07-02T00:43:42","slug":"kontakt","status":"publish","type":"page","link":"https:\/\/fsd.gmbh\/gb\/kontakt\/","title":{"rendered":"Contact"},"content":{"rendered":"<h2>contact<\/h2>\n<h4>Your message to us!<\/h4>\n<ul>\n<li>\n\t\t\t\t\t\t\t\t\t\tStockumer Stra\u00dfe 475 \u2022 44227 Dortmund\n\t\t\t\t\t\t\t\t\t<\/li>\n<li>\n\t\t\t\t\t\t\t\t\t\tTel. +49 (0) 231 \/ 72 50 48 0\n\t\t\t\t\t\t\t\t\t<\/li>\n<li>\n\t\t\t\t\t\t\t\t\t\tFax +49 (0) 231 \/ 72 50 48 30\n\t\t\t\t\t\t\t\t\t<\/li>\n<li>\n\t\t\t\t\t\t\t\t\t\t\t<a href=\"mailto:info@fsd.gmbh%20\"><br \/>\n\t\t\t\t\t\t\t\t\t\t E-Mail: info@fsd.gmbh<br \/>\n\t\t\t\t\t\t\t\t\t\t\t<\/a>\n\t\t\t\t\t\t\t\t\t<\/li>\n<\/ul>\n<ul>\n<li>\n\t\t\t\t\t\t\t\t\t\t\t<a href=\"https:\/\/fsd.gmbh\/impressum-2\" target=\"_blank\"><br \/>\n\t\t\t\t\t\t\t\t\t\tImpressum<br \/>\n\t\t\t\t\t\t\t\t\t\t\t<\/a>\n\t\t\t\t\t\t\t\t\t<\/li>\n<li>\n\t\t\t\t\t\t\t\t\t\t\t<a href=\"https:\/\/fsd.gmbh\/agb-2022\"><br \/>\n\t\t\t\t\t\t\t\t\t\tAGB<br \/>\n\t\t\t\t\t\t\t\t\t\t\t<\/a>\n\t\t\t\t\t\t\t\t\t<\/li>\n<li>\n\t\t\t\t\t\t\t\t\t\t\t<a href=\"https:\/\/fsd.gmbh\/impressum\"><br \/>\n\t\t\t\t\t\t\t\t\t\tDatenschutzerkl\u00e4rung<br \/>\n\t\t\t\t\t\t\t\t\t\t\t<\/a>\n\t\t\t\t\t\t\t\t\t<\/li>\n<li>\n\t\t\t\t\t\t\t\t\t\t\t<a href=\"https:\/\/fsd.gmbh\/wp-content\/uploads\/2024\/04\/Folie1-2.jpg\"><br \/>\n\t\t\t\t\t\t\t\t\t\tQualit\u00e4tsziele der FSD<br \/>\n\t\t\t\t\t\t\t\t\t\t\t<\/a>\n\t\t\t\t\t\t\t\t\t<\/li>\n<li>\n\t\t\t\t\t\t\t\t\t\t\t<a href=\"https:\/\/fsd.gmbh\/wp-content\/uploads\/2024\/04\/Folie1-3.jpg\"><br \/>\n\t\t\t\t\t\t\t\t\t\tQualit\u00e4tspolitik der FSD<br \/>\n\t\t\t\t\t\t\t\t\t\t\t<\/a>\n\t\t\t\t\t\t\t\t\t<\/li>\n<\/ul>\n<h2>Zentrale Dortmund<\/h2>\n<p>\t\t\t\t\t<iframe width=\"225\" height=\"250\" frameborder=\"0\" scrolling=\"no\" marginheight=\"0\" marginwidth=\"0\" src=\"https:\/\/www.openstreetmap.org\/export\/embed.html?bbox=7.398905754089356%2C51.4816635218241%2C7.403411865234376%2C51.48391514665982&amp;layer=mapnik&amp;marker=51.48278934813849%2C7.401158809661865\" style=\"border: 1px solid black\"><\/iframe><br \/><small><a href=\"https:\/\/www.openstreetmap.org\/?mlat=51.48279&amp;mlon=7.40116#map=18\/51.48279\/7.40116\" target=\"_blank\" rel=\"noopener\">Gr\u00f6\u00dfere Karte anzeigen<\/a><\/small><\/p>\n","protected":false},"excerpt":{"rendered":"<p>contact Your message to us! Stockumer Stra\u00dfe 475 \u2022 44227 Dortmund Tel. +49 (0) 231 \/ 72 50 48 0 Fax +49 (0) 231 \/ 72 50 48 30 E-Mail: info@fsd.gmbh Impressum AGB Datenschutzerkl\u00e4rung Qualit\u00e4tsziele der FSD Qualit\u00e4tspolitik der FSD Zentrale Dortmund Gr\u00f6\u00dfere Karte anzeigen<\/p>\n","protected":false},"author":1,"featured_media":0,"parent":0,"menu_order":0,"comment_status":"closed","ping_status":"closed","template":"","meta":{"ocean_post_layout":"full-screen","ocean_both_sidebars_style":"","ocean_both_sidebars_content_width":0,"ocean_both_sidebars_sidebars_width":0,"ocean_sidebar":"0","ocean_second_sidebar":"0","ocean_disable_margins":"enable","ocean_add_body_class":"","ocean_shortcode_before_top_bar":"","ocean_shortcode_after_top_bar":"","ocean_shortcode_before_header":"","ocean_shortcode_after_header":"","ocean_has_shortcode":"","ocean_shortcode_after_title":"","ocean_shortcode_before_footer_widgets":"","ocean_shortcode_after_footer_widgets":"","ocean_shortcode_before_footer_bottom":"","ocean_shortcode_after_footer_bottom":"","ocean_display_top_bar":"off","ocean_display_header":"default","ocean_header_style":"","ocean_center_header_left_menu":"0","ocean_custom_header_template":"0","ocean_custom_logo":0,"ocean_custom_retina_logo":0,"ocean_custom_logo_max_width":0,"ocean_custom_logo_tablet_max_width":0,"ocean_custom_logo_mobile_max_width":0,"ocean_custom_logo_max_height":0,"ocean_custom_logo_tablet_max_height":0,"ocean_custom_logo_mobile_max_height":0,"ocean_header_custom_menu":"0","ocean_menu_typo_font_family":"0","ocean_menu_typo_font_subset":"","ocean_menu_typo_font_size":0,"ocean_menu_typo_font_size_tablet":0,"ocean_menu_typo_font_size_mobile":0,"ocean_menu_typo_font_size_unit":"px","ocean_menu_typo_font_weight":"","ocean_menu_typo_font_weight_tablet":"","ocean_menu_typo_font_weight_mobile":"","ocean_menu_typo_transform":"","ocean_menu_typo_transform_tablet":"","ocean_menu_typo_transform_mobile":"","ocean_menu_typo_line_height":0,"ocean_menu_typo_line_height_tablet":0,"ocean_menu_typo_line_height_mobile":0,"ocean_menu_typo_line_height_unit":"","ocean_menu_typo_spacing":0,"ocean_menu_typo_spacing_tablet":0,"ocean_menu_typo_spacing_mobile":0,"ocean_menu_typo_spacing_unit":"","ocean_menu_link_color":"","ocean_menu_link_color_hover":"","ocean_menu_link_color_active":"","ocean_menu_link_background":"","ocean_menu_link_hover_background":"","ocean_menu_link_active_background":"","ocean_menu_social_links_bg":"","ocean_menu_social_hover_links_bg":"","ocean_menu_social_links_color":"","ocean_menu_social_hover_links_color":"","ocean_disable_title":"on","ocean_disable_heading":"default","ocean_post_title":"","ocean_post_subheading":"","ocean_post_title_style":"","ocean_post_title_background_color":"","ocean_post_title_background":0,"ocean_post_title_bg_image_position":"","ocean_post_title_bg_image_attachment":"","ocean_post_title_bg_image_repeat":"","ocean_post_title_bg_image_size":"","ocean_post_title_height":0,"ocean_post_title_bg_overlay":0.5,"ocean_post_title_bg_overlay_color":"","ocean_disable_breadcrumbs":"default","ocean_breadcrumbs_color":"","ocean_breadcrumbs_separator_color":"","ocean_breadcrumbs_links_color":"","ocean_breadcrumbs_links_hover_color":"","ocean_display_footer_widgets":"off","ocean_display_footer_bottom":"off","ocean_custom_footer_template":"0","footnotes":""},"class_list":["post-15","page","type-page","status-publish","hentry","entry"],"translation":{"provider":"WPGlobus","version":"3.0.2","language":"gb","enabled_languages":["de","gb"],"languages":{"de":{"title":true,"content":true,"excerpt":false},"gb":{"title":true,"content":true,"excerpt":false}}},"_links":{"self":[{"href":"https:\/\/fsd.gmbh\/gb\/wp-json\/wp\/v2\/pages\/15","targetHints":{"allow":["GET"]}}],"collection":[{"href":"https:\/\/fsd.gmbh\/gb\/wp-json\/wp\/v2\/pages"}],"about":[{"href":"https:\/\/fsd.gmbh\/gb\/wp-json\/wp\/v2\/types\/page"}],"author":[{"embeddable":true,"href":"https:\/\/fsd.gmbh\/gb\/wp-json\/wp\/v2\/users\/1"}],"replies":[{"embeddable":true,"href":"https:\/\/fsd.gmbh\/gb\/wp-json\/wp\/v2\/comments?post=15"}],"version-history":[{"count":112,"href":"https:\/\/fsd.gmbh\/gb\/wp-json\/wp\/v2\/pages\/15\/revisions"}],"predecessor-version":[{"id":4370,"href":"https:\/\/fsd.gmbh\/gb\/wp-json\/wp\/v2\/pages\/15\/revisions\/4370"}],"wp:attachment":[{"href":"https:\/\/fsd.gmbh\/gb\/wp-json\/wp\/v2\/media?parent=15"}],"curies":[{"name":"wp","href":"https:\/\/api.w.org\/{rel}","templated":true}]}}