{"id":13,"date":"2021-11-18T15:48:50","date_gmt":"2021-11-18T15:48:50","guid":{"rendered":"https:\/\/fsd.gmbh\/?page_id=13"},"modified":"2025-07-02T01:06:06","modified_gmt":"2025-07-02T01:06:06","slug":"uber-uns","status":"publish","type":"page","link":"https:\/\/fsd.gmbh\/gb\/uber-uns\/","title":{"rendered":"About us"},"content":{"rendered":"<h2>\u00fcber uns<\/h2>\n<h5>A strong team<br \/>\n<\/h5>\n<p>Kreative in problem solving, precise in detail and professional in\u00a0 project implementation \u2013 these and many more things are what the experienced FSD-team performs every day \u2013 convince yourself and contact us.<\/p>\n<h2>Tech-crazy and lovable<br \/>\n<\/h2>\n<p>\t\t\t\t\t\t\t\t\t\t\t\t\t\t\t<img fetchpriority=\"high\" decoding=\"async\" width=\"1024\" height=\"675\" src=\"https:\/\/fsd.gmbh\/wp-content\/uploads\/2022\/01\/Fluid_WHY3212-1024x675.jpg\" alt=\"\" srcset=\"https:\/\/fsd.gmbh\/wp-content\/uploads\/2022\/01\/Fluid_WHY3212-1024x675.jpg 1024w, https:\/\/fsd.gmbh\/wp-content\/uploads\/2022\/01\/Fluid_WHY3212-300x198.jpg 300w, https:\/\/fsd.gmbh\/wp-content\/uploads\/2022\/01\/Fluid_WHY3212-768x506.jpg 768w, https:\/\/fsd.gmbh\/wp-content\/uploads\/2022\/01\/Fluid_WHY3212-1536x1013.jpg 1536w, https:\/\/fsd.gmbh\/wp-content\/uploads\/2022\/01\/Fluid_WHY3212-1320x870.jpg 1320w, https:\/\/fsd.gmbh\/wp-content\/uploads\/2022\/01\/Fluid_WHY3212-600x396.jpg 600w, https:\/\/fsd.gmbh\/wp-content\/uploads\/2022\/01\/Fluid_WHY3212.jpg 1800w\" sizes=\"(max-width: 1024px) 100vw, 1024px\" \/><br \/>\n\t\t\t\t\t\t\t\t\t\t\t\t\t\t\t\t<a href=\"https:\/\/fsd.gmbh\/wp-content\/uploads\/2023\/04\/photo.jpg\" data-elementor-open-lightbox=\"no\"><br \/>\n\t\t\t\t\t\t\t<img decoding=\"async\" width=\"230\" height=\"300\" src=\"https:\/\/fsd.gmbh\/wp-content\/uploads\/2023\/04\/photo-230x300.jpg\" alt=\"\" srcset=\"https:\/\/fsd.gmbh\/wp-content\/uploads\/2023\/04\/photo-230x300.jpg 230w, https:\/\/fsd.gmbh\/wp-content\/uploads\/2023\/04\/photo-768x1001.jpg 768w, https:\/\/fsd.gmbh\/wp-content\/uploads\/2023\/04\/photo.jpg 786w\" sizes=\"(max-width: 230px) 100vw, 230px\" \/>\t\t\t\t\t\t\t\t<\/a><\/p>\n<p>\u00bb<strong>Wir-Gef\u00fchl<\/strong> schafft Neues \u2013 davon bin ich \u00fcberzeugt.<br \/>Wir wollen gemeinsam mit Leidenschaft neue Ideen umsetzen und mit<br \/>unseren engagierten Mitarbeitern die Zukunft gestalten \u2013<br \/>nicht mehr und nicht weniger.\u00ab<\/p>\n<h4>J\u00f6rg Hegel<\/h4>\n<p>gesch\u00e4ftsf\u00fchrender Gesellschafter<\/p>\n<p>\t\t\t\t\t\t\t\t\t\t\t\t\t\t\t\t<a href=\"https:\/\/fsd.gmbh\/wp-content\/uploads\/2021\/12\/Fluid_WHY3470.jpg\" data-elementor-open-lightbox=\"no\"><br \/>\n\t\t\t\t\t\t\t<img decoding=\"async\" width=\"1382\" height=\"1800\" src=\"https:\/\/fsd.gmbh\/wp-content\/uploads\/2021\/12\/Fluid_WHY3470.jpg\" alt=\"\" srcset=\"https:\/\/fsd.gmbh\/wp-content\/uploads\/2021\/12\/Fluid_WHY3470.jpg 1382w, https:\/\/fsd.gmbh\/wp-content\/uploads\/2021\/12\/Fluid_WHY3470-600x781.jpg 600w, https:\/\/fsd.gmbh\/wp-content\/uploads\/2021\/12\/Fluid_WHY3470-230x300.jpg 230w, https:\/\/fsd.gmbh\/wp-content\/uploads\/2021\/12\/Fluid_WHY3470-786x1024.jpg 786w, https:\/\/fsd.gmbh\/wp-content\/uploads\/2021\/12\/Fluid_WHY3470-768x1000.jpg 768w, https:\/\/fsd.gmbh\/wp-content\/uploads\/2021\/12\/Fluid_WHY3470-1179x1536.jpg 1179w\" sizes=\"(max-width: 1382px) 100vw, 1382px\" \/>\t\t\t\t\t\t\t\t<\/a><\/p>\n<p>\u00bb<strong>Der kreative Prozess<\/strong> von der 3D-Welt bis zum fertigen Produkt \u2013\u00a0 das alles in einem\u00a0 Team entwickeln und umsetzen \u2013 das fasziniert mich jeden Tag aufs Neue. Das eigene Produkt sp\u00e4ter am Auto zu sehen, freut mich nat\u00fcrlich sehr.\u00ab<\/p>\n<h4>Andr\u00e9 Roesler<\/h4>\n<p>gesch\u00e4ftsf\u00fchrender Gesellschafter<\/p>\n<p>\t\t\t\t\t\t\t\t\t\t\t\t\t\t\t\t<a href=\"https:\/\/fsd.gmbh\/wp-content\/uploads\/2021\/12\/Fluid_WHY3336.jpg\" data-elementor-open-lightbox=\"no\"><br \/>\n\t\t\t\t\t\t\t<img loading=\"lazy\" decoding=\"async\" width=\"1382\" height=\"1800\" src=\"https:\/\/fsd.gmbh\/wp-content\/uploads\/2021\/12\/Fluid_WHY3336.jpg\" alt=\"\" srcset=\"https:\/\/fsd.gmbh\/wp-content\/uploads\/2021\/12\/Fluid_WHY3336.jpg 1382w, https:\/\/fsd.gmbh\/wp-content\/uploads\/2021\/12\/Fluid_WHY3336-600x781.jpg 600w, https:\/\/fsd.gmbh\/wp-content\/uploads\/2021\/12\/Fluid_WHY3336-230x300.jpg 230w, https:\/\/fsd.gmbh\/wp-content\/uploads\/2021\/12\/Fluid_WHY3336-786x1024.jpg 786w, https:\/\/fsd.gmbh\/wp-content\/uploads\/2021\/12\/Fluid_WHY3336-768x1000.jpg 768w, https:\/\/fsd.gmbh\/wp-content\/uploads\/2021\/12\/Fluid_WHY3336-1179x1536.jpg 1179w\" sizes=\"(max-width: 1382px) 100vw, 1382px\" \/>\t\t\t\t\t\t\t\t<\/a><\/p>\n<p>\u00bb<strong>Den \u00dcberblick<\/strong> behalten \u2013 extern und intern und zwar auch dann, wenn&#8217;s mal stressig wird. Das ist mein Job und so f\u00fchre ich die Projekte unserer Kunden zum Erfolg. Das funktioniert nat\u00fcrlich nur mit einem eingespielten Team.\u00ab<\/p>\n<h4>Chris Bibow<\/h4>\n<p>Projektleitung<\/p>\n<p>\t\t\t\t\t\t\t\t\t\t\t\t\t\t\t\t<a href=\"https:\/\/fsd.gmbh\/wp-content\/uploads\/2022\/01\/Fluid_WHY3401.jpg\" data-elementor-open-lightbox=\"no\"><br \/>\n\t\t\t\t\t\t\t<img loading=\"lazy\" decoding=\"async\" width=\"1382\" height=\"1800\" src=\"https:\/\/fsd.gmbh\/wp-content\/uploads\/2022\/01\/Fluid_WHY3401.jpg\" alt=\"\" srcset=\"https:\/\/fsd.gmbh\/wp-content\/uploads\/2022\/01\/Fluid_WHY3401.jpg 1382w, https:\/\/fsd.gmbh\/wp-content\/uploads\/2022\/01\/Fluid_WHY3401-230x300.jpg 230w, https:\/\/fsd.gmbh\/wp-content\/uploads\/2022\/01\/Fluid_WHY3401-786x1024.jpg 786w, https:\/\/fsd.gmbh\/wp-content\/uploads\/2022\/01\/Fluid_WHY3401-768x1000.jpg 768w, https:\/\/fsd.gmbh\/wp-content\/uploads\/2022\/01\/Fluid_WHY3401-1179x1536.jpg 1179w, https:\/\/fsd.gmbh\/wp-content\/uploads\/2022\/01\/Fluid_WHY3401-1320x1719.jpg 1320w, https:\/\/fsd.gmbh\/wp-content\/uploads\/2022\/01\/Fluid_WHY3401-600x781.jpg 600w\" sizes=\"(max-width: 1382px) 100vw, 1382px\" \/>\t\t\t\t\t\t\t\t<\/a><\/p>\n<p><strong>\u00bbDas Thema Hydraulik<\/strong> weiter voranbringen \u2013 das ist meine Vision. Ich m\u00f6chte mit meinen Kenntnissen und Ideen beitragen, dass wir neue Gesch\u00e4ftsfelder erschlie\u00dfen k\u00f6nnen.\u00ab<\/p>\n<h4>Dominik Kehr<\/h4>\n<p>Projektmanagement und Sachverst\u00e4ndiger Hydraulik<\/p>\n<ul>\n<li>\n\t\t\t\t\t\t\t\t\t\tStockumer Stra\u00dfe 475 \u2022 44227 Dortmund\n\t\t\t\t\t\t\t\t\t<\/li>\n<li>\n\t\t\t\t\t\t\t\t\t\t\t<a href=\"tel:+4902317250480\"><br \/>\n\t\t\t\t\t\t\t\t\t\tTel. +49 (0) 231 \/ 72 50 48 0<br \/>\n\t\t\t\t\t\t\t\t\t\t\t<\/a>\n\t\t\t\t\t\t\t\t\t<\/li>\n<li>\n\t\t\t\t\t\t\t\t\t\tFax +49 (0) 231 \/ 72 50 48 30\n\t\t\t\t\t\t\t\t\t<\/li>\n<li>\n\t\t\t\t\t\t\t\t\t\t\t<a href=\"mailto:info@fsd.gmbh%20\"><br \/>\n\t\t\t\t\t\t\t\t\t\t E-Mail: info@fsd.gmbh<br \/>\n\t\t\t\t\t\t\t\t\t\t\t<\/a>\n\t\t\t\t\t\t\t\t\t<\/li>\n<\/ul>\n<ul>\n<li>\n\t\t\t\t\t\t\t\t\t\tImpressum\n\t\t\t\t\t\t\t\t\t<\/li>\n<li>\n\t\t\t\t\t\t\t\t\t\tAGB\n\t\t\t\t\t\t\t\t\t<\/li>\n<li>\n\t\t\t\t\t\t\t\t\t\tDatenschutzerkl\u00e4rung\n\t\t\t\t\t\t\t\t\t<\/li>\n<li>\n\t\t\t\t\t\t\t\t\t\t\t<a href=\"https:\/\/fsd.gmbh\/wp-content\/uploads\/2024\/04\/Folie1-2.jpg\"><br \/>\n\t\t\t\t\t\t\t\t\t\tQualit\u00e4tsziele der FSD<br \/>\n\t\t\t\t\t\t\t\t\t\t\t<\/a>\n\t\t\t\t\t\t\t\t\t<\/li>\n<li>\n\t\t\t\t\t\t\t\t\t\t\t<a href=\"https:\/\/fsd.gmbh\/wp-content\/uploads\/2024\/04\/Folie1-3.jpg\"><br \/>\n\t\t\t\t\t\t\t\t\t\tQualit\u00e4tspolitik der FSD<br \/>\n\t\t\t\t\t\t\t\t\t\t\t<\/a>\n\t\t\t\t\t\t\t\t\t<\/li>\n<\/ul>\n<h2>Zentrale Dortmund<\/h2>\n<p>\t\t\t\t\t<iframe width=\"225\" height=\"250\" frameborder=\"0\" scrolling=\"no\" marginheight=\"0\" marginwidth=\"0\" src=\"https:\/\/www.openstreetmap.org\/export\/embed.html?bbox=7.398905754089356%2C51.4816635218241%2C7.403411865234376%2C51.48391514665982&amp;layer=mapnik&amp;marker=51.48278934813849%2C7.401158809661865\" style=\"border: 1px solid black\"><\/iframe><br \/><small><a href=\"https:\/\/www.openstreetmap.org\/?mlat=51.48279&amp;mlon=7.40116#map=18\/51.48279\/7.40116\" target=\"_blank\" rel=\"noopener\">Gr\u00f6\u00dfere Karte anzeigen<\/a><\/small><\/p>\n","protected":false},"excerpt":{"rendered":"<p>\u00fcber uns A strong team Kreative in problem solving, precise in detail and professional in\u00a0 project implementation \u2013 these and many more things are what the experienced FSD-team performs every day \u2013 convince yourself and contact us. Tech-crazy and lovable \u00bbWir-Gef\u00fchl schafft Neues \u2013 davon bin ich \u00fcberzeugt.Wir wollen gemeinsam mit Leidenschaft neue Ideen umsetzen [&hellip;]<\/p>\n","protected":false},"author":1,"featured_media":0,"parent":0,"menu_order":0,"comment_status":"closed","ping_status":"closed","template":"","meta":{"ocean_post_layout":"full-screen","ocean_both_sidebars_style":"","ocean_both_sidebars_content_width":0,"ocean_both_sidebars_sidebars_width":0,"ocean_sidebar":"0","ocean_second_sidebar":"0","ocean_disable_margins":"enable","ocean_add_body_class":"","ocean_shortcode_before_top_bar":"","ocean_shortcode_after_top_bar":"","ocean_shortcode_before_header":"","ocean_shortcode_after_header":"","ocean_has_shortcode":"","ocean_shortcode_after_title":"","ocean_shortcode_before_footer_widgets":"","ocean_shortcode_after_footer_widgets":"","ocean_shortcode_before_footer_bottom":"","ocean_shortcode_after_footer_bottom":"","ocean_display_top_bar":"off","ocean_display_header":"default","ocean_header_style":"","ocean_center_header_left_menu":"0","ocean_custom_header_template":"0","ocean_custom_logo":0,"ocean_custom_retina_logo":0,"ocean_custom_logo_max_width":0,"ocean_custom_logo_tablet_max_width":0,"ocean_custom_logo_mobile_max_width":0,"ocean_custom_logo_max_height":0,"ocean_custom_logo_tablet_max_height":0,"ocean_custom_logo_mobile_max_height":0,"ocean_header_custom_menu":"0","ocean_menu_typo_font_family":"0","ocean_menu_typo_font_subset":"","ocean_menu_typo_font_size":0,"ocean_menu_typo_font_size_tablet":0,"ocean_menu_typo_font_size_mobile":0,"ocean_menu_typo_font_size_unit":"px","ocean_menu_typo_font_weight":"","ocean_menu_typo_font_weight_tablet":"","ocean_menu_typo_font_weight_mobile":"","ocean_menu_typo_transform":"","ocean_menu_typo_transform_tablet":"","ocean_menu_typo_transform_mobile":"","ocean_menu_typo_line_height":0,"ocean_menu_typo_line_height_tablet":0,"ocean_menu_typo_line_height_mobile":0,"ocean_menu_typo_line_height_unit":"","ocean_menu_typo_spacing":0,"ocean_menu_typo_spacing_tablet":0,"ocean_menu_typo_spacing_mobile":0,"ocean_menu_typo_spacing_unit":"","ocean_menu_link_color":"","ocean_menu_link_color_hover":"","ocean_menu_link_color_active":"","ocean_menu_link_background":"","ocean_menu_link_hover_background":"","ocean_menu_link_active_background":"","ocean_menu_social_links_bg":"","ocean_menu_social_hover_links_bg":"","ocean_menu_social_links_color":"","ocean_menu_social_hover_links_color":"","ocean_disable_title":"on","ocean_disable_heading":"default","ocean_post_title":"","ocean_post_subheading":"","ocean_post_title_style":"","ocean_post_title_background_color":"","ocean_post_title_background":0,"ocean_post_title_bg_image_position":"","ocean_post_title_bg_image_attachment":"","ocean_post_title_bg_image_repeat":"","ocean_post_title_bg_image_size":"","ocean_post_title_height":0,"ocean_post_title_bg_overlay":0.5,"ocean_post_title_bg_overlay_color":"","ocean_disable_breadcrumbs":"default","ocean_breadcrumbs_color":"","ocean_breadcrumbs_separator_color":"","ocean_breadcrumbs_links_color":"","ocean_breadcrumbs_links_hover_color":"","ocean_display_footer_widgets":"off","ocean_display_footer_bottom":"off","ocean_custom_footer_template":"0","footnotes":""},"class_list":["post-13","page","type-page","status-publish","hentry","entry"],"translation":{"provider":"WPGlobus","version":"3.0.2","language":"gb","enabled_languages":["de","gb"],"languages":{"de":{"title":true,"content":true,"excerpt":false},"gb":{"title":true,"content":true,"excerpt":false}}},"_links":{"self":[{"href":"https:\/\/fsd.gmbh\/gb\/wp-json\/wp\/v2\/pages\/13","targetHints":{"allow":["GET"]}}],"collection":[{"href":"https:\/\/fsd.gmbh\/gb\/wp-json\/wp\/v2\/pages"}],"about":[{"href":"https:\/\/fsd.gmbh\/gb\/wp-json\/wp\/v2\/types\/page"}],"author":[{"embeddable":true,"href":"https:\/\/fsd.gmbh\/gb\/wp-json\/wp\/v2\/users\/1"}],"replies":[{"embeddable":true,"href":"https:\/\/fsd.gmbh\/gb\/wp-json\/wp\/v2\/comments?post=13"}],"version-history":[{"count":287,"href":"https:\/\/fsd.gmbh\/gb\/wp-json\/wp\/v2\/pages\/13\/revisions"}],"predecessor-version":[{"id":4396,"href":"https:\/\/fsd.gmbh\/gb\/wp-json\/wp\/v2\/pages\/13\/revisions\/4396"}],"wp:attachment":[{"href":"https:\/\/fsd.gmbh\/gb\/wp-json\/wp\/v2\/media?parent=13"}],"curies":[{"name":"wp","href":"https:\/\/api.w.org\/{rel}","templated":true}]}}